{"id":22,"date":"2012-11-26T21:59:54","date_gmt":"2012-11-26T20:59:54","guid":{"rendered":"http:\/\/paulchrablass.de\/blog\/?page_id=22"},"modified":"2021-06-25T01:56:17","modified_gmt":"2021-06-24T23:56:17","slug":"impressum","status":"publish","type":"page","link":"https:\/\/paulchr.ablass.me\/blog\/impressum\/","title":{"rendered":"Impressum"},"content":{"rendered":"\n<p>Diese Seite wird betrieben von:<\/p>\n\n\n\n<p>Paul-Christian Abla\u00df<br>Alte Kaulsdorfer Stra\u00dfe 25A<br>12555 Berlin<\/p>\n","protected":false},"excerpt":{"rendered":"<p>Diese Seite wird betrieben von: Paul-Christian Abla\u00dfAlte Kaulsdorfer Stra\u00dfe 25A12555 Berlin<\/p>\n","protected":false},"author":3,"featured_media":0,"parent":0,"menu_order":1,"comment_status":"closed","ping_status":"closed","template":"","meta":{"jetpack_post_was_ever_published":false},"jetpack_sharing_enabled":true,"jetpack_shortlink":"https:\/\/wp.me\/P2Vohc-m","jetpack-related-posts":[{"id":5,"url":"https:\/\/paulchr.ablass.me\/blog\/ueber\/","url_meta":{"origin":22,"position":0},"title":"\u00dcber","author":"Paul-Christian Abla\u00df","date":"26. November 2012","format":false,"excerpt":"Hinter dem Frontend Log stecke ich, Paul-Christian Abla\u00df. Ich bin 32 Jahre alt, mit der gro\u00dfartigsten Frau der Welt verheiratet und habe mit ihr drei Kinder. Zusammen wohnen wir in K\u00f6penick, dem gr\u00fcnsten Bezirk Berlins. Vor und nach dem Abschluss meiner Ausbildung als Mediengestalter Digital und Print (IHK) vor einigen\u2026","rel":"","context":"\u00c4hnlicher Beitrag","block_context":{"text":"\u00c4hnlicher Beitrag","link":""},"img":{"alt_text":"","src":"https:\/\/i0.wp.com\/paulchrablass.de\/blog\/wp-content\/uploads\/2012\/11\/bittelaecheln-200x300.jpg?resize=350%2C200","width":350,"height":200},"classes":[]},{"id":784,"url":"https:\/\/paulchr.ablass.me\/blog\/node-npm-und-node-packages\/","url_meta":{"origin":22,"position":1},"title":"node, npm und node packages","author":"Paul-Christian Abla\u00df","date":"6. M\u00e4rz 2016","format":false,"excerpt":"Mein node\/ npm Setup und was ich dazu festhalten m\u00f6chte. Installation node und npm sind mit Homebrew installiert: $ brew info node node: stable 5.7.1 (bottled), HEAD node npm Die Deaktivierung des Fortschrittsbalkens verschnellert die Installation von node packages (Quelle): npm set progress=false Der Fortschrittsbalken kann mit npm set progress=true\u2026","rel":"","context":"\u00c4hnlicher Beitrag","block_context":{"text":"\u00c4hnlicher Beitrag","link":""},"img":{"alt_text":"","src":"","width":0,"height":0},"classes":[]}],"_links":{"self":[{"href":"https:\/\/paulchr.ablass.me\/blog\/wp-json\/wp\/v2\/pages\/22"}],"collection":[{"href":"https:\/\/paulchr.ablass.me\/blog\/wp-json\/wp\/v2\/pages"}],"about":[{"href":"https:\/\/paulchr.ablass.me\/blog\/wp-json\/wp\/v2\/types\/page"}],"author":[{"embeddable":true,"href":"https:\/\/paulchr.ablass.me\/blog\/wp-json\/wp\/v2\/users\/3"}],"replies":[{"embeddable":true,"href":"https:\/\/paulchr.ablass.me\/blog\/wp-json\/wp\/v2\/comments?post=22"}],"version-history":[{"count":14,"href":"https:\/\/paulchr.ablass.me\/blog\/wp-json\/wp\/v2\/pages\/22\/revisions"}],"predecessor-version":[{"id":1009,"href":"https:\/\/paulchr.ablass.me\/blog\/wp-json\/wp\/v2\/pages\/22\/revisions\/1009"}],"wp:attachment":[{"href":"https:\/\/paulchr.ablass.me\/blog\/wp-json\/wp\/v2\/media?parent=22"}],"curies":[{"name":"wp","href":"https:\/\/api.w.org\/{rel}","templated":true}]}}